{"id":1474,"date":"2019-10-02T10:55:13","date_gmt":"2019-10-02T07:55:13","guid":{"rendered":"https:\/\/vkoren.gallery\/contact-us\/"},"modified":"2023-02-20T15:29:41","modified_gmt":"2023-02-20T13:29:41","slug":"contact-us","status":"publish","type":"page","link":"https:\/\/vkoren.gallery\/de\/contact-us\/","title":{"rendered":"Kontaktieren"},"content":{"rendered":"\t\t<div data-elementor-type=\"wp-page\" data-elementor-id=\"1474\" class=\"elementor elementor-1474 elementor-237\">\n\t\t\t\t\t\t\t\t\t<section class=\"elementor-section elementor-top-section elementor-element elementor-element-4647dce7 elementor-section-boxed elementor-section-height-default elementor-section-height-default parallax_section_no qode_elementor_container_no\" data-id=\"4647dce7\" data-element_type=\"section\" data-settings=\"{&quot;background_background&quot;:&quot;classic&quot;}\">\n\t\t\t\t\t\t<div class=\"elementor-container elementor-column-gap-no\">\n\t\t\t\t\t<div class=\"elementor-column elementor-col-50 elementor-top-column elementor-element elementor-element-3c1888a7\" data-id=\"3c1888a7\" data-element_type=\"column\">\n\t\t\t<div class=\"elementor-widget-wrap elementor-element-populated\">\n\t\t\t\t\t\t\t\t<div class=\"elementor-element elementor-element-2c7e7d31 elementor-widget elementor-widget-text-editor\" data-id=\"2c7e7d31\" data-element_type=\"widget\" data-widget_type=\"text-editor.default\">\n\t\t\t\t<div class=\"elementor-widget-container\">\n\t\t\t<style>\/*! elementor - v3.11.1 - 15-02-2023 *\/\n.elementor-widget-text-editor.elementor-drop-cap-view-stacked .elementor-drop-cap{background-color:#818a91;color:#fff}.elementor-widget-text-editor.elementor-drop-cap-view-framed .elementor-drop-cap{color:#818a91;border:3px solid;background-color:transparent}.elementor-widget-text-editor:not(.elementor-drop-cap-view-default) .elementor-drop-cap{margin-top:8px}.elementor-widget-text-editor:not(.elementor-drop-cap-view-default) .elementor-drop-cap-letter{width:1em;height:1em}.elementor-widget-text-editor .elementor-drop-cap{float:left;text-align:center;line-height:1;font-size:50px}.elementor-widget-text-editor .elementor-drop-cap-letter{display:inline-block}<\/style>\t\t\t\t<h4>R\u00fcckmeldung<\/h4>\t\t\t\t\t\t<\/div>\n\t\t\t\t<\/div>\n\t\t\t\t<div class=\"elementor-element elementor-element-39bf9877 elementor-widget elementor-widget-bridge_cf_7\" data-id=\"39bf9877\" data-element_type=\"widget\" data-widget_type=\"bridge_cf_7.default\">\n\t\t\t\t<div class=\"elementor-widget-container\">\n\t\t\t    <div class=\"qode-contact-form-7 qode-contact-form-7-0\">\n    \n<div class=\"wpcf7 no-js\" id=\"wpcf7-f1511-o1\" lang=\"de-DE\" dir=\"ltr\">\n<div class=\"screen-reader-response\"><p role=\"status\" aria-live=\"polite\" aria-atomic=\"true\"><\/p> <ul><\/ul><\/div>\n<form action=\"\/de\/wp-json\/wp\/v2\/pages\/1474#wpcf7-f1511-o1\" method=\"post\" class=\"wpcf7-form init cf7_custom_style_1\" aria-label=\"Kontaktformular\" novalidate=\"novalidate\" data-status=\"init\">\n<div style=\"display: none;\">\n<input type=\"hidden\" name=\"_wpcf7\" value=\"1511\" \/>\n<input type=\"hidden\" name=\"_wpcf7_version\" value=\"5.7.3\" \/>\n<input type=\"hidden\" name=\"_wpcf7_locale\" value=\"de_DE\" \/>\n<input type=\"hidden\" name=\"_wpcf7_unit_tag\" value=\"wpcf7-f1511-o1\" \/>\n<input type=\"hidden\" name=\"_wpcf7_container_post\" value=\"0\" \/>\n<input type=\"hidden\" name=\"_wpcf7_posted_data_hash\" value=\"\" \/>\n<\/div>\n<div class=\"two_columns clearfix\">\n\n<div class=\"column1\">\n<div class=\"column_inner\">\n<span class=\"wpcf7-form-control-wrap\" data-name=\"first-name\"><input size=\"40\" class=\"wpcf7-form-control wpcf7-text wpcf7-validates-as-required\" aria-required=\"true\" aria-invalid=\"false\" placeholder=\"Name*\" value=\"\" type=\"text\" name=\"first-name\" \/><\/span>\n<\/div>\n<\/div>\n\n<div class=\"column2\">\n<div class=\"column_inner\">\n<span class=\"wpcf7-form-control-wrap\" data-name=\"email\"><input size=\"40\" class=\"wpcf7-form-control wpcf7-text wpcf7-email wpcf7-validates-as-required wpcf7-validates-as-email\" aria-required=\"true\" aria-invalid=\"false\" placeholder=\"Deine E-Mail*\" value=\"\" type=\"email\" name=\"email\" \/><\/span>\n<\/div>\n<\/div>\n\n<\/div>\n\n<div><span class=\"wpcf7-form-control-wrap\" data-name=\"address\"><input size=\"40\" class=\"wpcf7-form-control wpcf7-text\" aria-invalid=\"false\" placeholder=\"Adresse\" value=\"\" type=\"text\" name=\"address\" \/><\/span><\/div>\n\n<div><span class=\"wpcf7-form-control-wrap\" data-name=\"your-message\"><textarea cols=\"40\" rows=\"10\" class=\"wpcf7-form-control wpcf7-textarea wpcf7-validates-as-required\" aria-required=\"true\" aria-invalid=\"false\" placeholder=\"Ihre Nachricht...*\" name=\"your-message\"><\/textarea><\/span><\/div>\n\n<div><input class=\"wpcf7-form-control has-spinner wpcf7-submit\" type=\"submit\" value=\"Schicken\" \/><\/div><div class=\"wpcf7-response-output\" aria-hidden=\"true\"><\/div>\n<\/form>\n<\/div>\n    <\/div>\n\t\t<\/div>\n\t\t\t\t<\/div>\n\t\t\t\t\t<\/div>\n\t\t<\/div>\n\t\t\t\t<div class=\"elementor-column elementor-col-50 elementor-top-column elementor-element elementor-element-3116bd0\" data-id=\"3116bd0\" data-element_type=\"column\">\n\t\t\t<div class=\"elementor-widget-wrap elementor-element-populated\">\n\t\t\t\t\t\t\t\t<section class=\"elementor-section elementor-inner-section elementor-element elementor-element-23c30e18 elementor-section-boxed elementor-section-height-default elementor-section-height-default parallax_section_no qode_elementor_container_no\" data-id=\"23c30e18\" data-element_type=\"section\">\n\t\t\t\t\t\t<div class=\"elementor-container elementor-column-gap-no\">\n\t\t\t\t\t<div class=\"elementor-column elementor-col-100 elementor-inner-column elementor-element elementor-element-3bbbcd39\" data-id=\"3bbbcd39\" data-element_type=\"column\">\n\t\t\t<div class=\"elementor-widget-wrap elementor-element-populated\">\n\t\t\t\t\t\t\t\t<div class=\"elementor-element elementor-element-30fac33e elementor-widget elementor-widget-text-editor\" data-id=\"30fac33e\" data-element_type=\"widget\" data-widget_type=\"text-editor.default\">\n\t\t\t\t<div class=\"elementor-widget-container\">\n\t\t\t\t\t\t\t<h4>Unsere Adresse<\/h4>\t\t\t\t\t\t<\/div>\n\t\t\t\t<\/div>\n\t\t\t\t<div class=\"elementor-element elementor-element-9c8868c elementor-widget elementor-widget-text-editor\" data-id=\"9c8868c\" data-element_type=\"widget\" data-widget_type=\"text-editor.default\">\n\t\t\t\t<div class=\"elementor-widget-container\">\n\t\t\t\t\t\t\t<p><span style=\"letter-spacing: 3px;\">Kyiw, 8 Ihor Branovytskoho (Perspektyvna) St., Werkstatt 14<\/span><\/p>\t\t\t\t\t\t<\/div>\n\t\t\t\t<\/div>\n\t\t\t\t<div class=\"elementor-element elementor-element-19202311 elementor-widget elementor-widget-text-editor\" data-id=\"19202311\" data-element_type=\"widget\" data-widget_type=\"text-editor.default\">\n\t\t\t\t<div class=\"elementor-widget-container\">\n\t\t\t\t\t\t\t<p><span style=\"letter-spacing: 3px;\">\u0422\u0435\u043b.: +380 67 407 5617, +380 99 639 9778<\/span>\u00a0<\/p>\t\t\t\t\t\t<\/div>\n\t\t\t\t<\/div>\n\t\t\t\t<div class=\"elementor-element elementor-element-498ea661 elementor-widget elementor-widget-text-editor\" data-id=\"498ea661\" data-element_type=\"widget\" data-widget_type=\"text-editor.default\">\n\t\t\t\t<div class=\"elementor-widget-container\">\n\t\t\t\t\t\t\t<p><span style=\"letter-spacing: 3px;\">Email: vkorin62@gmail.com<\/span><\/p>\t\t\t\t\t\t<\/div>\n\t\t\t\t<\/div>\n\t\t\t\t\t<\/div>\n\t\t<\/div>\n\t\t\t\t\t\t\t<\/div>\n\t\t<\/section>\n\t\t\t\t<section class=\"elementor-section elementor-inner-section elementor-element elementor-element-7f638d36 elementor-section-boxed elementor-section-height-default elementor-section-height-default parallax_section_no qode_elementor_container_no\" data-id=\"7f638d36\" data-element_type=\"section\">\n\t\t\t\t\t\t<div class=\"elementor-container elementor-column-gap-no\">\n\t\t\t\t\t<div class=\"elementor-column elementor-col-100 elementor-inner-column elementor-element elementor-element-7073670\" data-id=\"7073670\" data-element_type=\"column\">\n\t\t\t<div class=\"elementor-widget-wrap elementor-element-populated\">\n\t\t\t\t\t\t\t\t<div class=\"elementor-element elementor-element-776ac54 elementor-widget elementor-widget-text-editor\" data-id=\"776ac54\" data-element_type=\"widget\" data-widget_type=\"text-editor.default\">\n\t\t\t\t<div class=\"elementor-widget-container\">\n\t\t\t\t\t\t\t<span style=\"font-size: 3pt; color: #f6f6f6;\">bestellen Sie eine Skulptur, wo bestellen Sie eine Skulptur, bestellen Sie eine Skulptur Kiew, bestellen Sie eine Bronzeskulptur, bestellen Sie eine Steinskulptur, bestellen Sie eine Marmorskulptur, ma\u00dfgefertigte Skulptur, ma\u00dfgefertigte Bronzeskulpturen, ma\u00dfgefertigte Skulptur, ma\u00dfgefertigte Skulptur , Skulptur nach Ma\u00df, Skulptur auf Bestellung Kiew, eine Skulptur auf Bestellung, eine Statue auf Bestellung, eine Skulptur auf Bestellung, Betonskulpturen, Polymerbetonskulpturen, Glasskulpturen, Skulpturen auf einem Sockel, Skulptur auf einem Denkmal, Skulptur von Ihr Haustier, Garten- und Parkskulptur, Skulptur im Innenraum, benutzerdefiniertes Denkmal, L\u00f6wenskulptur, Pferdeskulptur, Hundeskulptur, Wolfsskulptur, Edelstahlskulptur, Innenskulptur, Tierskulptur, abstrakte Skulptur, akademische Skulptur, Statue, Figur, Geschenkskulptur , konzeptionelle Skulptur, Reiterskulptur, akademische Skulptur, Kunststeinskulptur, Skulptur aus k\u00fcnstlichem Marmor, Polyesterharz-Skulptur, ein gutes Denkmal bestellen, B\u00fcsten herstellen, B\u00fcsten nach einem Foto herstellen, eine B\u00fcste aus Gips herstellen, Bronzeb\u00fcsten herstellen, eine B\u00fcste nach Ma\u00df herstellen, Bronzeb\u00fcsten herstellen, B\u00fcsten erstellen, eine B\u00fcste bestellen, benutzerdefinierte B\u00fcste anfertigen, B\u00fcste bestellen, B\u00fcste einer Person bestellen, Figuren anfertigen, dreidimensionale Figuren anfertigen, Figuren aus Gips anfertigen, Figuren auf Bestellung anfertigen, Gipsfiguren anfertigen, Figuren aus Bronze anfertigen, Figuren aus Marmor anfertigen, Figuren aus Granit, Herstellung einer Gedenktafel, Herstellung von Gedenktafeln, Herstellung von Skulpturen aus Bronze, B\u00fcsten aus Bronzeherstellung, Herstellung von Gussbronze, Herstellung von Denkm\u00e4lern aus Bronze, Herstellung von Bronze auf Bestellung, B\u00fcsten aus Bronzeherstellung, Herstellung von Denkm\u00e4lern aus Bronze, Herstellung von Denkm\u00e4ler aus Marmor, Herstellung von Marmor, Herstellung eines Denkmals aus Granitmarmor, Herstellung von Produkten aus Marmor Marmorskulpturen, Grabdenkm\u00e4ler aus Marmor, Grabanlage, Grabanlagen aus Granit, Erstellung eines Brunnens, Herstellung von Brunnen, Herstellung eines Brunnenmodells, Herstellung von Brunnen auf Bestellung, Herstellung von Brunnen, Herstellung von Kaminen auf Bestellung, Herstellung eines dekorativen Kamins , Kamin auf Bestellung, Kamin auf Bestellung, Kamin auf Bestellung, Herstellung von Medaillen auf Bestellung, Medaillen auf Bestellung, Herstellung von Medaillen, Herstellung von Medaillen auf Bestellung, Herstellung von Medaillenschildern, Herstellung von Medaillenbestellungen, Herstellung von Gedenkm\u00fcnzen Medaillen, Medaillen auf Bestellung, Reliefs auf Bestellung, Basreliefs auf Bestellung, Hochreliefs auf Bestellung, Herstellung von Basreliefs auf Bestellung, Herstellung von Basreliefs, Herstellung von Basreliefs aus Gips, Herstellung von Basreliefs auf Bestellung, Herstellung von Flachreliefs aus Bronze, Herstellung von Hochreliefs, Hochreliefs auf Bestellung<\/span>\t\t\t\t\t\t<\/div>\n\t\t\t\t<\/div>\n\t\t\t\t\t<\/div>\n\t\t<\/div>\n\t\t\t\t\t\t\t<\/div>\n\t\t<\/section>\n\t\t\t\t\t<\/div>\n\t\t<\/div>\n\t\t\t\t\t\t\t<\/div>\n\t\t<\/section>\n\t\t\t\t\t\t\t<\/div>\n\t\t","protected":false},"excerpt":{"rendered":"<p>R\u00fcckmeldung Unsere Adresse Kyiw, 8 Ihor Branovytskoho (Perspektyvna) St., Werkstatt 14 \u0422\u0435\u043b.: +380 67 407 5617, +380 99 639 9778\u00a0 Email: vkorin62@gmail.com bestellen Sie eine Skulptur, wo bestellen Sie eine Skulptur, bestellen Sie eine Skulptur Kiew, bestellen Sie eine Bronzeskulptur, bestellen Sie eine Steinskulptur, bestellen&#8230;<\/p>\n","protected":false},"author":1,"featured_media":0,"parent":0,"menu_order":0,"comment_status":"closed","ping_status":"closed","template":"full_width.php","meta":{"content-type":"","ngg_post_thumbnail":0,"footnotes":""},"class_list":["post-1474","page","type-page","status-publish","hentry"],"_links":{"self":[{"href":"https:\/\/vkoren.gallery\/de\/wp-json\/wp\/v2\/pages\/1474","targetHints":{"allow":["GET"]}}],"collection":[{"href":"https:\/\/vkoren.gallery\/de\/wp-json\/wp\/v2\/pages"}],"about":[{"href":"https:\/\/vkoren.gallery\/de\/wp-json\/wp\/v2\/types\/page"}],"author":[{"embeddable":true,"href":"https:\/\/vkoren.gallery\/de\/wp-json\/wp\/v2\/users\/1"}],"replies":[{"embeddable":true,"href":"https:\/\/vkoren.gallery\/de\/wp-json\/wp\/v2\/comments?post=1474"}],"version-history":[{"count":19,"href":"https:\/\/vkoren.gallery\/de\/wp-json\/wp\/v2\/pages\/1474\/revisions"}],"predecessor-version":[{"id":1617,"href":"https:\/\/vkoren.gallery\/de\/wp-json\/wp\/v2\/pages\/1474\/revisions\/1617"}],"wp:attachment":[{"href":"https:\/\/vkoren.gallery\/de\/wp-json\/wp\/v2\/media?parent=1474"}],"curies":[{"name":"wp","href":"https:\/\/api.w.org\/{rel}","templated":true}]}}