{"id":1520,"date":"2019-10-04T10:16:56","date_gmt":"2019-10-04T07:16:56","guid":{"rendered":"https:\/\/vkoren.gallery\/about-the-sculptor\/"},"modified":"2023-02-17T13:51:59","modified_gmt":"2023-02-17T11:51:59","slug":"about-the-sculptor","status":"publish","type":"page","link":"https:\/\/vkoren.gallery\/de\/about-the-sculptor\/","title":{"rendered":"\u00dcber den Bildhauer"},"content":{"rendered":"\t\t<div data-elementor-type=\"wp-page\" data-elementor-id=\"1520\" class=\"elementor elementor-1520 elementor-310\">\n\t\t\t\t\t\t\t\t\t<section class=\"elementor-section elementor-top-section elementor-element elementor-element-b47799b elementor-section-full_width elementor-section-height-default elementor-section-height-default parallax_section_no qode_elementor_container_no\" data-id=\"b47799b\" data-element_type=\"section\" data-settings=\"{&quot;background_background&quot;:&quot;classic&quot;}\">\n\t\t\t\t\t\t<div class=\"elementor-container elementor-column-gap-no\">\n\t\t\t\t\t<div class=\"elementor-column elementor-col-50 elementor-top-column elementor-element elementor-element-c72cfd5\" data-id=\"c72cfd5\" data-element_type=\"column\">\n\t\t\t<div class=\"elementor-widget-wrap elementor-element-populated\">\n\t\t\t\t\t\t\t\t<div class=\"elementor-element elementor-element-d17009b elementor-widget elementor-widget-text-editor\" data-id=\"d17009b\" data-element_type=\"widget\" data-widget_type=\"text-editor.default\">\n\t\t\t\t<div class=\"elementor-widget-container\">\n\t\t\t<style>\/*! elementor - v3.11.1 - 15-02-2023 *\/\n.elementor-widget-text-editor.elementor-drop-cap-view-stacked .elementor-drop-cap{background-color:#818a91;color:#fff}.elementor-widget-text-editor.elementor-drop-cap-view-framed .elementor-drop-cap{color:#818a91;border:3px solid;background-color:transparent}.elementor-widget-text-editor:not(.elementor-drop-cap-view-default) .elementor-drop-cap{margin-top:8px}.elementor-widget-text-editor:not(.elementor-drop-cap-view-default) .elementor-drop-cap-letter{width:1em;height:1em}.elementor-widget-text-editor .elementor-drop-cap{float:left;text-align:center;line-height:1;font-size:50px}.elementor-widget-text-editor .elementor-drop-cap-letter{display:inline-block}<\/style>\t\t\t\t<h2><span style=\"font-size: 18pt;\"><strong>Bildhauer Wolodymyr Koren<\/strong><\/span><\/h2>\t\t\t\t\t\t<\/div>\n\t\t\t\t<\/div>\n\t\t\t\t<div class=\"elementor-element elementor-element-413b6cb elementor-widget elementor-widget-text-editor\" data-id=\"413b6cb\" data-element_type=\"widget\" data-widget_type=\"text-editor.default\">\n\t\t\t\t<div class=\"elementor-widget-container\">\n\t\t\t\t\t\t\t<p>\u00a0Wolodymyr Koren wurde am 16 Januar 1962 in Luhansk (Ukraine) in der Familie des ber\u00fchmten Monumentalk\u00fcnstlers Hryhorii Koren geboren.<\/p><p>\u00a0<\/p><p>Er studierte an der Republikanischen Kunsthochschule in Kyiw. 1981-1987 studierte er Bildhauerei im Atelier von Makar Vronsky am Kyiwer Staatlichen Kunstinstitut (heute Nationale Akademie der Sch\u00f6nen K\u00fcnste und Architektur).<\/p><p>\u00a0<\/p><p>Er lebt und arbeitet in Kyiw.<\/p><p>\u00a0<\/p><p>Seit 1998 ist er Mitglied des Nationalen K\u00fcnstlerverbandes der Ukraine.<\/p><p>\u00a0<\/p><p>Arbeitet im Bereich der Monumental- und Staffeleiskulptur und schafft sowohl klassische als auch moderne Kompositionen. Die K\u00fcnstlerin widmet der Synthese von Architektur und Plastizit\u00e4t gro\u00dfe Aufmerksamkeit und verk\u00f6rpert architektonische und skulpturale Ensembles f\u00fcr Innenr\u00e4ume und Landschaften.<\/p><p>\u00a0<\/p><p>Das Werk von W. Koren umfasst Parkskulpturen, Reliefs an Geb\u00e4udefassaden, Mosaike, Gedenkst\u00e4tten, Grabsteine, kleine architektonische Formen, kleine Plastiken, Medaillen, Souvenirs und Kamine.<\/p>\t\t\t\t\t\t<\/div>\n\t\t\t\t<\/div>\n\t\t\t\t\t<\/div>\n\t\t<\/div>\n\t\t\t\t<div class=\"elementor-column elementor-col-50 elementor-top-column elementor-element elementor-element-6beba8a\" data-id=\"6beba8a\" data-element_type=\"column\">\n\t\t\t<div class=\"elementor-widget-wrap elementor-element-populated\">\n\t\t\t\t\t\t\t\t<div class=\"elementor-element elementor-element-edea6b9 elementor-widget elementor-widget-image\" data-id=\"edea6b9\" data-element_type=\"widget\" data-widget_type=\"image.default\">\n\t\t\t\t<div class=\"elementor-widget-container\">\n\t\t\t<style>\/*! elementor - v3.11.1 - 15-02-2023 *\/\n.elementor-widget-image{text-align:center}.elementor-widget-image a{display:inline-block}.elementor-widget-image a img[src$=\".svg\"]{width:48px}.elementor-widget-image img{vertical-align:middle;display:inline-block}<\/style>\t\t\t\t\t\t\t\t\t\t\t\t<img loading=\"lazy\" decoding=\"async\" width=\"2560\" height=\"1920\" src=\"https:\/\/vkoren.gallery\/wp-content\/uploads\/2023\/02\/3-scaled.jpg\" class=\"attachment-full size-full wp-image-1356\" alt=\"\" srcset=\"https:\/\/vkoren.gallery\/wp-content\/uploads\/2023\/02\/3-scaled.jpg 2560w, https:\/\/vkoren.gallery\/wp-content\/uploads\/2023\/02\/3-300x225.jpg 300w, https:\/\/vkoren.gallery\/wp-content\/uploads\/2023\/02\/3-1024x768.jpg 1024w, https:\/\/vkoren.gallery\/wp-content\/uploads\/2023\/02\/3-768x576.jpg 768w, https:\/\/vkoren.gallery\/wp-content\/uploads\/2023\/02\/3-1536x1152.jpg 1536w, https:\/\/vkoren.gallery\/wp-content\/uploads\/2023\/02\/3-2048x1536.jpg 2048w, https:\/\/vkoren.gallery\/wp-content\/uploads\/2023\/02\/3-800x600.jpg 800w, https:\/\/vkoren.gallery\/wp-content\/uploads\/2023\/02\/3-700x525.jpg 700w\" sizes=\"auto, (max-width: 2560px) 100vw, 2560px\" \/>\t\t\t\t\t\t\t\t\t\t\t\t\t\t\t<\/div>\n\t\t\t\t<\/div>\n\t\t\t\t\t<\/div>\n\t\t<\/div>\n\t\t\t\t\t\t\t<\/div>\n\t\t<\/section>\n\t\t\t\t<section class=\"elementor-section elementor-top-section elementor-element elementor-element-8c7bc72 elementor-section-full_width elementor-section-height-default elementor-section-height-default parallax_section_no qode_elementor_container_no\" data-id=\"8c7bc72\" data-element_type=\"section\" data-settings=\"{&quot;background_background&quot;:&quot;classic&quot;}\">\n\t\t\t\t\t\t<div class=\"elementor-container elementor-column-gap-default\">\n\t\t\t\t\t<div class=\"elementor-column elementor-col-50 elementor-top-column elementor-element elementor-element-178decb\" data-id=\"178decb\" data-element_type=\"column\">\n\t\t\t<div class=\"elementor-widget-wrap elementor-element-populated\">\n\t\t\t\t\t\t\t\t<div class=\"elementor-element elementor-element-e86ffae elementor-widget elementor-widget-image\" data-id=\"e86ffae\" data-element_type=\"widget\" data-widget_type=\"image.default\">\n\t\t\t\t<div class=\"elementor-widget-container\">\n\t\t\t\t\t\t\t\t\t\t\t\t\t\t\t<img loading=\"lazy\" decoding=\"async\" width=\"807\" height=\"905\" src=\"https:\/\/vkoren.gallery\/wp-content\/uploads\/2023\/02\/skulp.jpg\" class=\"attachment-full size-full wp-image-1398\" alt=\"\" srcset=\"https:\/\/vkoren.gallery\/wp-content\/uploads\/2023\/02\/skulp.jpg 807w, https:\/\/vkoren.gallery\/wp-content\/uploads\/2023\/02\/skulp-268x300.jpg 268w, https:\/\/vkoren.gallery\/wp-content\/uploads\/2023\/02\/skulp-768x861.jpg 768w, https:\/\/vkoren.gallery\/wp-content\/uploads\/2023\/02\/skulp-700x785.jpg 700w\" sizes=\"auto, (max-width: 807px) 100vw, 807px\" \/>\t\t\t\t\t\t\t\t\t\t\t\t\t\t\t<\/div>\n\t\t\t\t<\/div>\n\t\t\t\t\t<\/div>\n\t\t<\/div>\n\t\t\t\t<div class=\"elementor-column elementor-col-50 elementor-top-column elementor-element elementor-element-302a199\" data-id=\"302a199\" data-element_type=\"column\">\n\t\t\t<div class=\"elementor-widget-wrap elementor-element-populated\">\n\t\t\t\t\t\t\t\t<div class=\"elementor-element elementor-element-f2081b9 elementor-widget elementor-widget-text-editor\" data-id=\"f2081b9\" data-element_type=\"widget\" data-widget_type=\"text-editor.default\">\n\t\t\t\t<div class=\"elementor-widget-container\">\n\t\t\t\t\t\t\t<p>\u00a0Die Werke des K\u00fcnstlers zeichnen sich aus durch eine Tendenz zur exquisiten Interpretation klassischer Formen, eine gelungene Verbindung von skulpturalem Dekor mit Landschaftsgestaltung, die Verwendung verschiedener Stein- und Metallbearbeitungstechniken, die unterschiedliche Texturen schaffen, das Spiel von Licht und Schatten und Farbnuancen offenbaren und die ausdrucksst\u00e4rkste Vermittlung der Idee des Werks erm\u00f6glichen.<\/p><p>\u00a0<\/p><p>Teilnehmer und Gewinner zahlreicher Wettbewerbe und Projekte f\u00fcr den Bau von Denkm\u00e4lern in der Ukraine, darunter das Denkmal f\u00fcr Ioann Putiwlskyi in Putiwl (2016), das Denkmal f\u00fcr die Einheit in Fastiw (2017), das Denkmal f\u00fcr die Helden der Himmlischen Hundert in Odesa (2017), das Gedenkzeichen\/Komposition &#8222;Soldaten der Region Schytomyr &#8211; Verteidiger des Vaterlandes, die im bewaffneten Konflikt im Osten der Ukraine gefallen sind&#8220; (2019), ein Denkmal f\u00fcr James Mace, einen prominenten amerikanischen Forscher des Holodomor von 1932-1933 in der Ukraine (2006), ein Denkmal f\u00fcr Nadiya Svitlychna (2007), ein Denkmal f\u00fcr Vyacheslav Chornovil (2001), ein Denkmal f\u00fcr Heorhiy Gongadze und Journalisten, die unter ungekl\u00e4rten Umst\u00e4nden ums Leben kamen (2007), und ein Ensemble von Denkm\u00e4lern f\u00fcr Staatsm\u00e4nner und Politiker &#8222;Allee der prominenten Pers\u00f6nlichkeiten der Ukraine&#8220; (2008).<\/p><p>\u00a0<\/p><p>Das Bildhaueratelier von Wolodymyr Koren Wolodymyr f\u00fchrt die gesamte Palette von Arbeiten aus &#8211; von der Konzeptentwicklung und Skizze bis zur Herstellung eines Werks in Material und dessen Installation gem\u00e4\u00df den technischen Normen und Standards f\u00fcr Installationsarbeiten, wobei architektonische Situationen sowohl mit klassischen als auch modernen 3D-Technologien gel\u00f6st werden.<\/p><p>\u00a0<\/p><p>Der Kunde kann w\u00e4hrend des gesamten Produktionszyklus auf eine hochwertige Autorenbetreuung z\u00e4hlen.<\/p>\t\t\t\t\t\t<\/div>\n\t\t\t\t<\/div>\n\t\t\t\t\t<\/div>\n\t\t<\/div>\n\t\t\t\t\t\t\t<\/div>\n\t\t<\/section>\n\t\t\t\t\t\t\t<\/div>\n\t\t","protected":false},"excerpt":{"rendered":"<p>Bildhauer Wolodymyr Koren \u00a0Wolodymyr Koren wurde am 16 Januar 1962 in Luhansk (Ukraine) in der Familie des ber\u00fchmten Monumentalk\u00fcnstlers Hryhorii Koren geboren. \u00a0 Er studierte an der Republikanischen Kunsthochschule in Kyiw. 1981-1987 studierte er Bildhauerei im Atelier von Makar Vronsky am Kyiwer Staatlichen Kunstinstitut (heute&#8230;<\/p>\n","protected":false},"author":1,"featured_media":0,"parent":0,"menu_order":0,"comment_status":"closed","ping_status":"closed","template":"full_width.php","meta":{"content-type":"","ngg_post_thumbnail":0,"footnotes":""},"class_list":["post-1520","page","type-page","status-publish","hentry"],"_links":{"self":[{"href":"https:\/\/vkoren.gallery\/de\/wp-json\/wp\/v2\/pages\/1520","targetHints":{"allow":["GET"]}}],"collection":[{"href":"https:\/\/vkoren.gallery\/de\/wp-json\/wp\/v2\/pages"}],"about":[{"href":"https:\/\/vkoren.gallery\/de\/wp-json\/wp\/v2\/types\/page"}],"author":[{"embeddable":true,"href":"https:\/\/vkoren.gallery\/de\/wp-json\/wp\/v2\/users\/1"}],"replies":[{"embeddable":true,"href":"https:\/\/vkoren.gallery\/de\/wp-json\/wp\/v2\/comments?post=1520"}],"version-history":[{"count":28,"href":"https:\/\/vkoren.gallery\/de\/wp-json\/wp\/v2\/pages\/1520\/revisions"}],"predecessor-version":[{"id":1579,"href":"https:\/\/vkoren.gallery\/de\/wp-json\/wp\/v2\/pages\/1520\/revisions\/1579"}],"wp:attachment":[{"href":"https:\/\/vkoren.gallery\/de\/wp-json\/wp\/v2\/media?parent=1520"}],"curies":[{"name":"wp","href":"https:\/\/api.w.org\/{rel}","templated":true}]}}